{"id":207984,"date":"2022-12-07T11:01:48","date_gmt":"2022-12-07T10:01:48","guid":{"rendered":"https:\/\/www.nanovo40.com\/?page_id=207984"},"modified":"2025-12-16T15:41:52","modified_gmt":"2025-12-16T14:41:52","slug":"certifikaty","status":"publish","type":"page","link":"https:\/\/www.nanovo40.com\/en\/certifikaty\/","title":{"rendered":"CERTIFICATES"},"content":{"rendered":"<p>[et_pb_section fb_built=&#8220;1&#8243; _builder_version=&#8220;4.9.2&#8243; background_color=&#8220;#fcd21d&#8220; background_image=&#8220;https:\/\/www.nanovo40.com\/wp-content\/uploads\/2021\/03\/circle-background-pattern.png&#8220; custom_padding=&#8220;67px|0px|75.2px|0px|false|false&#8220; animation_style=&#8220;zoom&#8220; animation_intensity_zoom=&#8220;4%&#8220; custom_css_before=&#8220;.wp-post-image.image-in-page {||    display: none;||}&#8220; collapsed=&#8220;off&#8220;][et_pb_row _builder_version=&#8220;4.9.2&#8243; background_size=&#8220;initial&#8220; background_position=&#8220;top_left&#8220; background_repeat=&#8220;repeat&#8220; custom_padding=&#8220;|||&#8220; animation_style=&#8220;slide&#8220; animation_direction=&#8220;top&#8220; animation_intensity_slide=&#8220;3%&#8220;][et_pb_column type=&#8220;4_4&#8243; _builder_version=&#8220;3.25&#8243; custom_padding=&#8220;|||&#8220; custom_padding__hover=&#8220;|||&#8220;][et_pb_text disabled_on=&#8220;on|off|off&#8220; _builder_version=&#8220;4.9.2&#8243; text_font=&#8220;||||||||&#8220; header_font=&#8220;Montserrat|700||on|||||dotted&#8220; header_text_color=&#8220;#353740&#8243; header_font_size=&#8220;60px&#8220; header_line_height=&#8220;1.3em&#8220; background_size=&#8220;initial&#8220; background_position=&#8220;top_left&#8220; background_repeat=&#8220;repeat&#8220; custom_margin=&#8220;|||&#8220; animation_style=&#8220;fade&#8220; header_font_size_last_edited=&#8220;off|desktop&#8220; locked=&#8220;off&#8220;]<\/p>\n<h1>CERTIFICATES<\/h1>\n<p>[\/et_pb_text][et_pb_divider show_divider=&#8220;off&#8220; disabled_on=&#8220;on|on|off&#8220; _builder_version=&#8220;3.2&#8243; max_width=&#8220;120px&#8220; animation_style=&#8220;slide&#8220; animation_direction=&#8220;top&#8220; animation_intensity_slide=&#8220;30%&#8220;][\/et_pb_divider][\/et_pb_column][\/et_pb_row][\/et_pb_section][et_pb_section fb_built=&#8220;1&#8243; admin_label=&#8220;Contact Section&#8220; _builder_version=&#8220;3.22&#8243; custom_padding=&#8220;75px||75px|||&#8220;][et_pb_row admin_label=&#8220;Contact Area&#8220; _builder_version=&#8220;4.9.2&#8243; animation_style=&#8220;zoom&#8220; animation_intensity_zoom=&#8220;20%&#8220;][et_pb_column type=&#8220;4_4&#8243; _builder_version=&#8220;4.9.2&#8243; _module_preset=&#8220;default&#8220;][et_pb_text _builder_version=&#8220;4.9.2&#8243; _module_preset=&#8220;default&#8220; hover_enabled=&#8220;0&#8243; sticky_enabled=&#8220;0&#8243;]<\/p>\n<h2><a href=\"https:\/\/www.nanovo40.com\/wp-content\/uploads\/2025\/12\/CE-PEN-Certifikat-1090-2.pdf\" target=\"_blank\" rel=\"noopener\">Certifikate 1090-2+A1:2024<\/a><\/h2>\n<h2><\/h2>\n<h2><a href=\"https:\/\/www.nanovo40.com\/wp-content\/uploads\/2022\/12\/Smartliving-certifika\u0301ty-ang.jpg\" target=\"_blank\" rel=\"noopener\">Certificate of conformity of Factory Production Control<\/a><\/h2>\n<h2><\/h2>\n<h2><a href=\"https:\/\/www.nanovo40.com\/wp-content\/uploads\/2025\/12\/CE-PEN-Certifikat-3834.pdf\" target=\"_blank\" rel=\"noopener\">Certificate EN ISO 3834-2:2021<\/a><\/h2>\n<p><a href=\"https:\/\/www.nanovo40.com\/wp-content\/uploads\/2023\/10\/ECM-ISO-CERTIFIKAT.pdf\" target=\"_blank\" rel=\"noopener\"><img loading=\"lazy\" decoding=\"async\" class=\"alignleft wp-image-208020\" src=\"https:\/\/www.nanovo40.com\/wp-content\/uploads\/2023\/01\/9001-2015-300x237.png\" alt=\"\" width=\"194\" height=\"153\" \/><\/a><\/p>\n<p>[\/et_pb_text][\/et_pb_column][\/et_pb_row][\/et_pb_section][et_pb_section fb_built=&#8220;1&#8243; admin_label=&#8220;Contact Form Section&#8220; _builder_version=&#8220;4.9.2&#8243; background_color=&#8220;#fcd21d&#8220; custom_padding=&#8220;75px||75px|||&#8220; animation_direction=&#8220;bottom&#8220; saved_tabs=&#8220;all&#8220;][et_pb_row admin_label=&#8220;Service Section Title&#8220; _builder_version=&#8220;3.25&#8243; custom_margin=&#8220;||40px|&#8220; animation_style=&#8220;fade&#8220; animation_direction=&#8220;top&#8220; locked=&#8220;off&#8220;][et_pb_column type=&#8220;4_4&#8243; _builder_version=&#8220;3.25&#8243; custom_padding=&#8220;|||&#8220; custom_padding__hover=&#8220;|||&#8220;][et_pb_text admin_label=&#8220;Title&#8220; _builder_version=&#8220;4.9.2&#8243; text_font=&#8220;Montserrat||||||||&#8220; text_text_color=&#8220;#747d88&#8243; text_font_size=&#8220;16px&#8220; text_line_height=&#8220;1.9em&#8220; header_font=&#8220;||||||||&#8220; header_2_font=&#8220;Montserrat|700||on|||||&#8220; header_2_font_size=&#8220;42px&#8220; header_2_line_height=&#8220;1.3em&#8220; text_orientation=&#8220;center&#8220; max_width=&#8220;700px&#8220; module_alignment=&#8220;center&#8220; animation_style=&#8220;slide&#8220; animation_direction=&#8220;bottom&#8220; animation_intensity_slide=&#8220;4%&#8220;]<\/p>\n<h2><span style=\"color: #fff;\">WRITE TO US<\/span><\/h2>\n<h2><span style=\"font-size: x-large;\">INFO@nanovo.to<\/span><\/h2>\n<h2><\/h2>\n<h2><span style=\"color: #fff;\">OR USE<\/span><\/h2>\n<p>&nbsp;<\/p>\n<h2>CONTACT FORM BELOW<\/h2>\n<p>[\/et_pb_text][\/et_pb_column][\/et_pb_row][et_pb_row admin_label=&#8220;Contact Form&#8220; _builder_version=&#8220;3.25&#8243; animation_style=&#8220;fade&#8220;][et_pb_column type=&#8220;4_4&#8243; _builder_version=&#8220;3.25&#8243; custom_padding=&#8220;|||&#8220; custom_padding__hover=&#8220;|||&#8220;][et_pb_contact_form email=&#8220;info@nanovo.to&#8220; success_message=&#8220;\u010eAKUJEME ZA PREJAVEN\u00da D\u00d4VERU, OZVEME SA V\u00c1M \u010cOSKORO&#8220; submit_button_text=&#8220;ODOSLA\u0164&#8220; module_id=&#8220;et_pb_contact_form_0&#8243; _builder_version=&#8220;4.9.2&#8243; form_field_background_color=&#8220;rgba(255,255,255,0)&#8220; form_field_text_color=&#8220;#353740&#8243; form_field_font=&#8220;Montserrat||||&#8220; form_field_font_size=&#8220;16px&#8220; custom_button=&#8220;on&#8220; button_text_color=&#8220;#353740&#8243; button_border_width=&#8220;5px&#8220; button_border_color=&#8220;#353740&#8243; button_border_radius=&#8220;100px&#8220; button_letter_spacing=&#8220;2px&#8220; button_font=&#8220;Montserrat|on||on|&#8220; button_icon=&#8220;%%36%%&#8220; button_icon_color=&#8220;#353740&#8243; max_width=&#8220;800px&#8220; module_alignment=&#8220;center&#8220; animation_style=&#8220;fade&#8220; box_shadow_style=&#8220;preset7&#8243; box_shadow_horizontal=&#8220;0px&#8220; box_shadow_vertical=&#8220;-1px&#8220; box_shadow_color=&#8220;rgba(0,0,0,0.18)&#8220; form_background_color=&#8220;rgba(255,255,255,0)&#8220; button_bg_color_hover=&#8220;rgba(0,0,0,0)&#8220; button_letter_spacing_hover=&#8220;2px&#8220;][et_pb_contact_field field_id=&#8220;Meno&#8220; field_title=&#8220;Va\u0161e meno&#8220; fullwidth_field=&#8220;on&#8220; _builder_version=&#8220;4.9.2&#8243; button_text_size__hover_enabled=&#8220;off&#8220; button_one_text_size__hover_enabled=&#8220;off&#8220; button_two_text_size__hover_enabled=&#8220;off&#8220; button_text_color__hover_enabled=&#8220;off&#8220; button_one_text_color__hover_enabled=&#8220;off&#8220; button_two_text_color__hover_enabled=&#8220;off&#8220; button_border_width__hover_enabled=&#8220;off&#8220; button_one_border_width__hover_enabled=&#8220;off&#8220; button_two_border_width__hover_enabled=&#8220;off&#8220; button_border_color__hover_enabled=&#8220;off&#8220; button_one_border_color__hover_enabled=&#8220;off&#8220; button_two_border_color__hover_enabled=&#8220;off&#8220; button_border_radius__hover_enabled=&#8220;off&#8220; button_one_border_radius__hover_enabled=&#8220;off&#8220; button_two_border_radius__hover_enabled=&#8220;off&#8220; button_letter_spacing__hover_enabled=&#8220;off&#8220; button_one_letter_spacing__hover_enabled=&#8220;off&#8220; button_two_letter_spacing__hover_enabled=&#8220;off&#8220; button_bg_color__hover_enabled=&#8220;off&#8220; button_one_bg_color__hover_enabled=&#8220;off&#8220; button_two_bg_color__hover_enabled=&#8220;off&#8220;][\/et_pb_contact_field][et_pb_contact_field field_id=&#8220;Email&#8220; field_title=&#8220;V\u00e1\u0161 email&#8220; field_type=&#8220;email&#8220; fullwidth_field=&#8220;on&#8220; _builder_version=&#8220;4.9.2&#8243; button_text_size__hover_enabled=&#8220;off&#8220; button_one_text_size__hover_enabled=&#8220;off&#8220; button_two_text_size__hover_enabled=&#8220;off&#8220; button_text_color__hover_enabled=&#8220;off&#8220; button_one_text_color__hover_enabled=&#8220;off&#8220; button_two_text_color__hover_enabled=&#8220;off&#8220; button_border_width__hover_enabled=&#8220;off&#8220; button_one_border_width__hover_enabled=&#8220;off&#8220; button_two_border_width__hover_enabled=&#8220;off&#8220; button_border_color__hover_enabled=&#8220;off&#8220; button_one_border_color__hover_enabled=&#8220;off&#8220; button_two_border_color__hover_enabled=&#8220;off&#8220; button_border_radius__hover_enabled=&#8220;off&#8220; button_one_border_radius__hover_enabled=&#8220;off&#8220; button_two_border_radius__hover_enabled=&#8220;off&#8220; button_letter_spacing__hover_enabled=&#8220;off&#8220; button_one_letter_spacing__hover_enabled=&#8220;off&#8220; button_two_letter_spacing__hover_enabled=&#8220;off&#8220; button_bg_color__hover_enabled=&#8220;off&#8220; button_one_bg_color__hover_enabled=&#8220;off&#8220; button_two_bg_color__hover_enabled=&#8220;off&#8220;][\/et_pb_contact_field][et_pb_contact_field field_id=&#8220;Predmet&#8220; field_title=&#8220;Predmet&#8220; fullwidth_field=&#8220;on&#8220; _builder_version=&#8220;4.9.2&#8243; button_text_size__hover_enabled=&#8220;off&#8220; button_one_text_size__hover_enabled=&#8220;off&#8220; button_two_text_size__hover_enabled=&#8220;off&#8220; button_text_color__hover_enabled=&#8220;off&#8220; button_one_text_color__hover_enabled=&#8220;off&#8220; button_two_text_color__hover_enabled=&#8220;off&#8220; button_border_width__hover_enabled=&#8220;off&#8220; button_one_border_width__hover_enabled=&#8220;off&#8220; button_two_border_width__hover_enabled=&#8220;off&#8220; button_border_color__hover_enabled=&#8220;off&#8220; button_one_border_color__hover_enabled=&#8220;off&#8220; button_two_border_color__hover_enabled=&#8220;off&#8220; button_border_radius__hover_enabled=&#8220;off&#8220; button_one_border_radius__hover_enabled=&#8220;off&#8220; button_two_border_radius__hover_enabled=&#8220;off&#8220; button_letter_spacing__hover_enabled=&#8220;off&#8220; button_one_letter_spacing__hover_enabled=&#8220;off&#8220; button_two_letter_spacing__hover_enabled=&#8220;off&#8220; button_bg_color__hover_enabled=&#8220;off&#8220; button_one_bg_color__hover_enabled=&#8220;off&#8220; button_two_bg_color__hover_enabled=&#8220;off&#8220;][\/et_pb_contact_field][et_pb_contact_field field_id=&#8220;Message&#8220; field_title=&#8220;Spr\u00e1va&#8220; field_type=&#8220;text&#8220; fullwidth_field=&#8220;on&#8220; _builder_version=&#8220;4.9.2&#8243; custom_margin=&#8220;||60px|&#8220; custom_padding=&#8220;|||&#8220; button_text_size__hover_enabled=&#8220;off&#8220; button_one_text_size__hover_enabled=&#8220;off&#8220; button_two_text_size__hover_enabled=&#8220;off&#8220; button_text_color__hover_enabled=&#8220;off&#8220; button_one_text_color__hover_enabled=&#8220;off&#8220; button_two_text_color__hover_enabled=&#8220;off&#8220; button_border_width__hover_enabled=&#8220;off&#8220; button_one_border_width__hover_enabled=&#8220;off&#8220; button_two_border_width__hover_enabled=&#8220;off&#8220; button_border_color__hover_enabled=&#8220;off&#8220; button_one_border_color__hover_enabled=&#8220;off&#8220; button_two_border_color__hover_enabled=&#8220;off&#8220; button_border_radius__hover_enabled=&#8220;off&#8220; button_one_border_radius__hover_enabled=&#8220;off&#8220; button_two_border_radius__hover_enabled=&#8220;off&#8220; button_letter_spacing__hover_enabled=&#8220;off&#8220; button_one_letter_spacing__hover_enabled=&#8220;off&#8220; button_two_letter_spacing__hover_enabled=&#8220;off&#8220; button_bg_color__hover_enabled=&#8220;off&#8220; button_one_bg_color__hover_enabled=&#8220;off&#8220; button_two_bg_color__hover_enabled=&#8220;off&#8220;][\/et_pb_contact_field][et_pb_contact_field field_id=&#8220;Field_5&#8243; field_title=&#8220;GDPR&#8220; field_type=&#8220;checkbox&#8220; checkbox_options=&#8220;%91{%22value%22:%22S\u00fahlas\u00edm so spracovan\u00edm osobn\u00fdch \u00fadajov.%22,%22checked%22:0,%22dragID%22:-1}%93&#8243; fullwidth_field=&#8220;on&#8220; _builder_version=&#8220;4.9.2&#8243; _module_preset=&#8220;default&#8220; form_field_background_color=&#8220;#FFFFFF&#8220;][\/et_pb_contact_field][\/et_pb_contact_form][\/et_pb_column][\/et_pb_row][\/et_pb_section]<\/p>","protected":false},"excerpt":{"rendered":"<p>[et_pb_section fb_built=&#8220;1&#8243; _builder_version=&#8220;4.9.2&#8243; background_color=&#8220;#fcd21d&#8220; background_image=&#8220;https:\/\/www.nanovo40.com\/wp-content\/uploads\/2021\/03\/circle-background-pattern.png&#8220; custom_padding=&#8220;67px|0px|75.2px|0px|false|false&#8220; animation_style=&#8220;zoom&#8220; animation_intensity_zoom=&#8220;4%&#8220; custom_css_before=&#8220;.wp-post-image.image-in-page {|| display: none;||}&#8220; collapsed=&#8220;off&#8220;][et_pb_row _builder_version=&#8220;4.9.2&#8243; background_size=&#8220;initial&#8220; background_position=&#8220;top_left&#8220; background_repeat=&#8220;repeat&#8220; custom_padding=&#8220;|||&#8220; animation_style=&#8220;slide&#8220; animation_direction=&#8220;top&#8220; animation_intensity_slide=&#8220;3%&#8220;][et_pb_column type=&#8220;4_4&#8243; _builder_version=&#8220;3.25&#8243; custom_padding=&#8220;|||&#8220; custom_padding__hover=&#8220;|||&#8220;][et_pb_text disabled_on=&#8220;on|off|off&#8220; _builder_version=&#8220;4.9.2&#8243; text_font=&#8220;||||||||&#8220; header_font=&#8220;Montserrat|700||on|||||dotted&#8220; header_text_color=&#8220;#353740&#8243; header_font_size=&#8220;60px&#8220; header_line_height=&#8220;1.3em&#8220; background_size=&#8220;initial&#8220; background_position=&#8220;top_left&#8220; background_repeat=&#8220;repeat&#8220; custom_margin=&#8220;|||&#8220; animation_style=&#8220;fade&#8220; header_font_size_last_edited=&#8220;off|desktop&#8220; locked=&#8220;off&#8220;] CERTIFIK\u00c1TY [\/et_pb_text][et_pb_divider show_divider=&#8220;off&#8220; disabled_on=&#8220;on|on|off&#8220; _builder_version=&#8220;3.2&#8243; max_width=&#8220;120px&#8220; animation_style=&#8220;slide&#8220; animation_direction=&#8220;top&#8220; animation_intensity_slide=&#8220;30%&#8220;][\/et_pb_divider][\/et_pb_column][\/et_pb_row][\/et_pb_section][et_pb_section fb_built=&#8220;1&#8243; admin_label=&#8220;Contact Section&#8220; _builder_version=&#8220;3.22&#8243; custom_padding=&#8220;75px||75px|||&#8220;][et_pb_row admin_label=&#8220;Contact Area&#8220; [&hellip;]<\/p>","protected":false},"author":1,"featured_media":0,"parent":0,"menu_order":0,"comment_status":"closed","ping_status":"closed","template":"","meta":{"_et_pb_use_builder":"on","_et_pb_old_content":"","_et_gb_content_width":"","footnotes":""},"class_list":["post-207984","page","type-page","status-publish","hentry"],"yoast_head":"<!-- This site is optimized with the Yoast SEO plugin v26.8 - https:\/\/yoast.com\/product\/yoast-seo-wordpress\/ -->\n<title>CERTIFIK\u00c1TY - Nanovo<\/title>\n<meta name=\"robots\" content=\"index, follow, max-snippet:-1, max-image-preview:large, max-video-preview:-1\" \/>\n<link rel=\"canonical\" href=\"https:\/\/www.nanovo40.com\/en\/certifikaty\/\" \/>\n<meta property=\"og:locale\" content=\"en_US\" \/>\n<meta property=\"og:type\" content=\"article\" \/>\n<meta property=\"og:title\" content=\"CERTIFIK\u00c1TY - Nanovo\" \/>\n<meta property=\"og:description\" content=\"[et_pb_section fb_built=&#8220;1&#8243; _builder_version=&#8220;4.9.2&#8243; background_color=&#8220;#fcd21d&#8220; background_image=&#8220;https:\/\/www.nanovo40.com\/wp-content\/uploads\/2021\/03\/circle-background-pattern.png&#8220; custom_padding=&#8220;67px|0px|75.2px|0px|false|false&#8220; animation_style=&#8220;zoom&#8220; animation_intensity_zoom=&#8220;4%&#8220; custom_css_before=&#8220;.wp-post-image.image-in-page {|| display: none;||}&#8220; collapsed=&#8220;off&#8220;][et_pb_row _builder_version=&#8220;4.9.2&#8243; background_size=&#8220;initial&#8220; background_position=&#8220;top_left&#8220; background_repeat=&#8220;repeat&#8220; custom_padding=&#8220;|||&#8220; animation_style=&#8220;slide&#8220; animation_direction=&#8220;top&#8220; animation_intensity_slide=&#8220;3%&#8220;][et_pb_column type=&#8220;4_4&#8243; _builder_version=&#8220;3.25&#8243; custom_padding=&#8220;|||&#8220; custom_padding__hover=&#8220;|||&#8220;][et_pb_text disabled_on=&#8220;on|off|off&#8220; _builder_version=&#8220;4.9.2&#8243; text_font=&#8220;||||||||&#8220; header_font=&#8220;Montserrat|700||on|||||dotted&#8220; header_text_color=&#8220;#353740&#8243; header_font_size=&#8220;60px&#8220; header_line_height=&#8220;1.3em&#8220; background_size=&#8220;initial&#8220; background_position=&#8220;top_left&#8220; background_repeat=&#8220;repeat&#8220; custom_margin=&#8220;|||&#8220; animation_style=&#8220;fade&#8220; header_font_size_last_edited=&#8220;off|desktop&#8220; locked=&#8220;off&#8220;] CERTIFIK\u00c1TY [\/et_pb_text][et_pb_divider show_divider=&#8220;off&#8220; disabled_on=&#8220;on|on|off&#8220; _builder_version=&#8220;3.2&#8243; max_width=&#8220;120px&#8220; animation_style=&#8220;slide&#8220; animation_direction=&#8220;top&#8220; animation_intensity_slide=&#8220;30%&#8220;][\/et_pb_divider][\/et_pb_column][\/et_pb_row][\/et_pb_section][et_pb_section fb_built=&#8220;1&#8243; admin_label=&#8220;Contact Section&#8220; _builder_version=&#8220;3.22&#8243; custom_padding=&#8220;75px||75px|||&#8220;][et_pb_row admin_label=&#8220;Contact Area&#8220; [&hellip;]\" \/>\n<meta property=\"og:url\" content=\"https:\/\/www.nanovo40.com\/en\/certifikaty\/\" \/>\n<meta property=\"og:site_name\" content=\"Nanovo\" \/>\n<meta property=\"article:modified_time\" content=\"2025-12-16T14:41:52+00:00\" \/>\n<meta property=\"og:image\" content=\"https:\/\/www.nanovo40.com\/wp-content\/uploads\/2023\/01\/9001-2015.png\" \/>\n\t<meta property=\"og:image:width\" content=\"968\" \/>\n\t<meta property=\"og:image:height\" content=\"766\" \/>\n\t<meta property=\"og:image:type\" content=\"image\/png\" \/>\n<meta name=\"twitter:card\" content=\"summary_large_image\" \/>\n<meta name=\"twitter:label1\" content=\"Est. reading time\" \/>\n\t<meta name=\"twitter:data1\" content=\"1 minute\" \/>\n<script type=\"application\/ld+json\" class=\"yoast-schema-graph\">{\"@context\":\"https:\/\/schema.org\",\"@graph\":[{\"@type\":\"WebPage\",\"@id\":\"https:\/\/www.nanovo40.com\/certifikaty\/\",\"url\":\"https:\/\/www.nanovo40.com\/certifikaty\/\",\"name\":\"CERTIFIK\u00c1TY - Nanovo\",\"isPartOf\":{\"@id\":\"https:\/\/www.nanovo40.com\/en\/#website\"},\"primaryImageOfPage\":{\"@id\":\"https:\/\/www.nanovo40.com\/certifikaty\/#primaryimage\"},\"image\":{\"@id\":\"https:\/\/www.nanovo40.com\/certifikaty\/#primaryimage\"},\"thumbnailUrl\":\"https:\/\/www.nanovo40.com\/wp-content\/uploads\/2023\/01\/9001-2015-300x237.png\",\"datePublished\":\"2022-12-07T10:01:48+00:00\",\"dateModified\":\"2025-12-16T14:41:52+00:00\",\"breadcrumb\":{\"@id\":\"https:\/\/www.nanovo40.com\/certifikaty\/#breadcrumb\"},\"inLanguage\":\"en-US\",\"potentialAction\":[{\"@type\":\"ReadAction\",\"target\":[\"https:\/\/www.nanovo40.com\/certifikaty\/\"]}]},{\"@type\":\"ImageObject\",\"inLanguage\":\"en-US\",\"@id\":\"https:\/\/www.nanovo40.com\/certifikaty\/#primaryimage\",\"url\":\"https:\/\/www.nanovo40.com\/wp-content\/uploads\/2023\/01\/9001-2015-300x237.png\",\"contentUrl\":\"https:\/\/www.nanovo40.com\/wp-content\/uploads\/2023\/01\/9001-2015-300x237.png\"},{\"@type\":\"BreadcrumbList\",\"@id\":\"https:\/\/www.nanovo40.com\/certifikaty\/#breadcrumb\",\"itemListElement\":[{\"@type\":\"ListItem\",\"position\":1,\"name\":\"Home\",\"item\":\"https:\/\/www.nanovo40.com\/\"},{\"@type\":\"ListItem\",\"position\":2,\"name\":\"CERTIFIK\u00c1TY\"}]},{\"@type\":\"WebSite\",\"@id\":\"https:\/\/www.nanovo40.com\/en\/#website\",\"url\":\"https:\/\/www.nanovo40.com\/en\/\",\"name\":\"Nanovo\",\"description\":\"Modulov\u00e1 stavba M40\",\"potentialAction\":[{\"@type\":\"SearchAction\",\"target\":{\"@type\":\"EntryPoint\",\"urlTemplate\":\"https:\/\/www.nanovo40.com\/en\/?s={search_term_string}\"},\"query-input\":{\"@type\":\"PropertyValueSpecification\",\"valueRequired\":true,\"valueName\":\"search_term_string\"}}],\"inLanguage\":\"en-US\"}]}<\/script>\n<!-- \/ Yoast SEO plugin. -->","yoast_head_json":{"title":"CERTIFIK\u00c1TY - Nanovo","robots":{"index":"index","follow":"follow","max-snippet":"max-snippet:-1","max-image-preview":"max-image-preview:large","max-video-preview":"max-video-preview:-1"},"canonical":"https:\/\/www.nanovo40.com\/en\/certifikaty\/","og_locale":"en_US","og_type":"article","og_title":"CERTIFIK\u00c1TY - Nanovo","og_description":"[et_pb_section fb_built=&#8220;1&#8243; _builder_version=&#8220;4.9.2&#8243; background_color=&#8220;#fcd21d&#8220; background_image=&#8220;https:\/\/www.nanovo40.com\/wp-content\/uploads\/2021\/03\/circle-background-pattern.png&#8220; custom_padding=&#8220;67px|0px|75.2px|0px|false|false&#8220; animation_style=&#8220;zoom&#8220; animation_intensity_zoom=&#8220;4%&#8220; custom_css_before=&#8220;.wp-post-image.image-in-page {|| display: none;||}&#8220; collapsed=&#8220;off&#8220;][et_pb_row _builder_version=&#8220;4.9.2&#8243; background_size=&#8220;initial&#8220; background_position=&#8220;top_left&#8220; background_repeat=&#8220;repeat&#8220; custom_padding=&#8220;|||&#8220; animation_style=&#8220;slide&#8220; animation_direction=&#8220;top&#8220; animation_intensity_slide=&#8220;3%&#8220;][et_pb_column type=&#8220;4_4&#8243; _builder_version=&#8220;3.25&#8243; custom_padding=&#8220;|||&#8220; custom_padding__hover=&#8220;|||&#8220;][et_pb_text disabled_on=&#8220;on|off|off&#8220; _builder_version=&#8220;4.9.2&#8243; text_font=&#8220;||||||||&#8220; header_font=&#8220;Montserrat|700||on|||||dotted&#8220; header_text_color=&#8220;#353740&#8243; header_font_size=&#8220;60px&#8220; header_line_height=&#8220;1.3em&#8220; background_size=&#8220;initial&#8220; background_position=&#8220;top_left&#8220; background_repeat=&#8220;repeat&#8220; custom_margin=&#8220;|||&#8220; animation_style=&#8220;fade&#8220; header_font_size_last_edited=&#8220;off|desktop&#8220; locked=&#8220;off&#8220;] CERTIFIK\u00c1TY [\/et_pb_text][et_pb_divider show_divider=&#8220;off&#8220; disabled_on=&#8220;on|on|off&#8220; _builder_version=&#8220;3.2&#8243; max_width=&#8220;120px&#8220; animation_style=&#8220;slide&#8220; animation_direction=&#8220;top&#8220; animation_intensity_slide=&#8220;30%&#8220;][\/et_pb_divider][\/et_pb_column][\/et_pb_row][\/et_pb_section][et_pb_section fb_built=&#8220;1&#8243; admin_label=&#8220;Contact Section&#8220; _builder_version=&#8220;3.22&#8243; custom_padding=&#8220;75px||75px|||&#8220;][et_pb_row admin_label=&#8220;Contact Area&#8220; [&hellip;]","og_url":"https:\/\/www.nanovo40.com\/en\/certifikaty\/","og_site_name":"Nanovo","article_modified_time":"2025-12-16T14:41:52+00:00","og_image":[{"width":968,"height":766,"url":"https:\/\/www.nanovo40.com\/wp-content\/uploads\/2023\/01\/9001-2015.png","type":"image\/png"}],"twitter_card":"summary_large_image","twitter_misc":{"Est. reading time":"1 minute"},"schema":{"@context":"https:\/\/schema.org","@graph":[{"@type":"WebPage","@id":"https:\/\/www.nanovo40.com\/certifikaty\/","url":"https:\/\/www.nanovo40.com\/certifikaty\/","name":"CERTIFIK\u00c1TY - Nanovo","isPartOf":{"@id":"https:\/\/www.nanovo40.com\/en\/#website"},"primaryImageOfPage":{"@id":"https:\/\/www.nanovo40.com\/certifikaty\/#primaryimage"},"image":{"@id":"https:\/\/www.nanovo40.com\/certifikaty\/#primaryimage"},"thumbnailUrl":"https:\/\/www.nanovo40.com\/wp-content\/uploads\/2023\/01\/9001-2015-300x237.png","datePublished":"2022-12-07T10:01:48+00:00","dateModified":"2025-12-16T14:41:52+00:00","breadcrumb":{"@id":"https:\/\/www.nanovo40.com\/certifikaty\/#breadcrumb"},"inLanguage":"en-US","potentialAction":[{"@type":"ReadAction","target":["https:\/\/www.nanovo40.com\/certifikaty\/"]}]},{"@type":"ImageObject","inLanguage":"en-US","@id":"https:\/\/www.nanovo40.com\/certifikaty\/#primaryimage","url":"https:\/\/www.nanovo40.com\/wp-content\/uploads\/2023\/01\/9001-2015-300x237.png","contentUrl":"https:\/\/www.nanovo40.com\/wp-content\/uploads\/2023\/01\/9001-2015-300x237.png"},{"@type":"BreadcrumbList","@id":"https:\/\/www.nanovo40.com\/certifikaty\/#breadcrumb","itemListElement":[{"@type":"ListItem","position":1,"name":"Home","item":"https:\/\/www.nanovo40.com\/"},{"@type":"ListItem","position":2,"name":"CERTIFIK\u00c1TY"}]},{"@type":"WebSite","@id":"https:\/\/www.nanovo40.com\/en\/#website","url":"https:\/\/www.nanovo40.com\/en\/","name":"Nanovo","description":"Modulov\u00e1 stavba M40","potentialAction":[{"@type":"SearchAction","target":{"@type":"EntryPoint","urlTemplate":"https:\/\/www.nanovo40.com\/en\/?s={search_term_string}"},"query-input":{"@type":"PropertyValueSpecification","valueRequired":true,"valueName":"search_term_string"}}],"inLanguage":"en-US"}]}},"_links":{"self":[{"href":"https:\/\/www.nanovo40.com\/en\/wp-json\/wp\/v2\/pages\/207984","targetHints":{"allow":["GET"]}}],"collection":[{"href":"https:\/\/www.nanovo40.com\/en\/wp-json\/wp\/v2\/pages"}],"about":[{"href":"https:\/\/www.nanovo40.com\/en\/wp-json\/wp\/v2\/types\/page"}],"author":[{"embeddable":true,"href":"https:\/\/www.nanovo40.com\/en\/wp-json\/wp\/v2\/users\/1"}],"replies":[{"embeddable":true,"href":"https:\/\/www.nanovo40.com\/en\/wp-json\/wp\/v2\/comments?post=207984"}],"version-history":[{"count":6,"href":"https:\/\/www.nanovo40.com\/en\/wp-json\/wp\/v2\/pages\/207984\/revisions"}],"predecessor-version":[{"id":208070,"href":"https:\/\/www.nanovo40.com\/en\/wp-json\/wp\/v2\/pages\/207984\/revisions\/208070"}],"wp:attachment":[{"href":"https:\/\/www.nanovo40.com\/en\/wp-json\/wp\/v2\/media?parent=207984"}],"curies":[{"name":"wp","href":"https:\/\/api.w.org\/{rel}","templated":true}]}}